{"id":704,"date":"2013-01-11T12:58:04","date_gmt":"2013-01-11T11:58:04","guid":{"rendered":"http:\/\/www.jjfez.com\/web\/?page_id=704"},"modified":"2020-01-28T12:29:33","modified_gmt":"2020-01-28T11:29:33","slug":"referencias","status":"publish","type":"page","link":"https:\/\/www.jjfez.com\/web\/info\/referencias\/","title":{"rendered":"Clients"},"content":{"rendered":"<p>ACCOUNTS<br \/>\nCoca Cola | Porsche | Lego | Marlboro | L&amp;M | Braun |\u00a0L&#8217;Or\u00e9al\u00a0| Pall Mall | Davidoff | Jps | Gauloises | Javaanse Jongens | Air Aid | Pedigree | Snickers | Kamps | Mars | Schl\u00f6sser das Alt | Gilden K\u00f6lsch | eBay | HP | QVC | KlickTel | Miele | Dove | Persil | Deutsche Welle | Elle | Kyocera | Siemens | Bosch | Schwarzkopf | Ford | Maseratti | Barclays | BulgarTabac | Bebe | Provinzial | Metro | Lenovo | and much more&#8230;<\/p>\n<p>EDITORIAL<br \/>\nBlue Ocean Entertainment | West Deutsche Zeitung | El Pais | Heimatdesign | 20 minutos | RevolutionArt | Blanket Magazine | Stone Magazine | Day Dreaming | Absinthe Magazine | Luups | C\u00edrculo Lhork Editions | Veleta Editions | Fundaci\u00f3n Tri\u00e1ngulo Editions | Celya Editions | Grupo AJEC Editions | No Solo Rol Editions | Arcopress, Almuzara Group<\/p>\n<p>AGENCY<br \/>\nLeo Burnett | Saatchi | Scholz&amp;Friends | Thjnk | GTB | McCann\u00a0| Havas | Isobar | BBDO | Ogilvy | Brand Lounge | Grey | DDB | Pro-concept-marketing | Bellow Marko | NdR Conventions&amp;Meetings | Teamdruck | ORT | Graphixx | BplusD | Geometry Global<\/p>\n<p><!--:--><\/p>\n","protected":false},"excerpt":{"rendered":"<p>ACCOUNTS Coca Cola | Porsche | Lego | Marlboro | L&amp;M | Braun |\u00a0L&#8217;Or\u00e9al\u00a0| Pall Mall | Davidoff | Jps | Gauloises | Javaanse Jongens | Air Aid | Pedigree | Snickers | Kamps | Mars | Schl\u00f6sser das Alt | Gilden K\u00f6lsch | eBay | HP | QVC | KlickTel | Miele | Dove [&hellip;]<\/p>\n","protected":false},"author":3,"featured_media":1869,"parent":698,"menu_order":0,"comment_status":"open","ping_status":"closed","template":"template-about.php","meta":{"jetpack_post_was_ever_published":false,"footnotes":""},"class_list":["post-704","page","type-page","status-publish","has-post-thumbnail","hentry"],"jetpack_shortlink":"https:\/\/wp.me\/P36gvo-bm","jetpack_sharing_enabled":true,"_links":{"self":[{"href":"https:\/\/www.jjfez.com\/web\/wp-json\/wp\/v2\/pages\/704","targetHints":{"allow":["GET"]}}],"collection":[{"href":"https:\/\/www.jjfez.com\/web\/wp-json\/wp\/v2\/pages"}],"about":[{"href":"https:\/\/www.jjfez.com\/web\/wp-json\/wp\/v2\/types\/page"}],"author":[{"embeddable":true,"href":"https:\/\/www.jjfez.com\/web\/wp-json\/wp\/v2\/users\/3"}],"replies":[{"embeddable":true,"href":"https:\/\/www.jjfez.com\/web\/wp-json\/wp\/v2\/comments?post=704"}],"version-history":[{"count":41,"href":"https:\/\/www.jjfez.com\/web\/wp-json\/wp\/v2\/pages\/704\/revisions"}],"predecessor-version":[{"id":2945,"href":"https:\/\/www.jjfez.com\/web\/wp-json\/wp\/v2\/pages\/704\/revisions\/2945"}],"up":[{"embeddable":true,"href":"https:\/\/www.jjfez.com\/web\/wp-json\/wp\/v2\/pages\/698"}],"wp:featuredmedia":[{"embeddable":true,"href":"https:\/\/www.jjfez.com\/web\/wp-json\/wp\/v2\/media\/1869"}],"wp:attachment":[{"href":"https:\/\/www.jjfez.com\/web\/wp-json\/wp\/v2\/media?parent=704"}],"curies":[{"name":"wp","href":"https:\/\/api.w.org\/{rel}","templated":true}]}}